{"id":6302,"date":"2021-03-03T09:17:48","date_gmt":"2021-03-03T09:17:48","guid":{"rendered":"https:\/\/marketinghub.liquid-themes.com\/staging\/?page_id=6302"},"modified":"2026-02-23T10:46:48","modified_gmt":"2026-02-23T07:46:48","slug":"iletisim","status":"publish","type":"page","link":"https:\/\/feveran.com.tr\/en\/iletisim\/","title":{"rendered":"Contact"},"content":{"rendered":"<p><style>@media (min-width: 992px) { .liquid-row-responsive-69f47af5b2bc0 {padding-top:70px !important; padding-bottom:70px !important;  }  }    <\/style><section style=\"background-position:center bottom !important;\" data-bg-image=\"url\" class=\"vc_row vc_custom_1614765415643 liquid-row-responsive-69f47af5b2bc0 liquid-row-shadowbox-69f47af5b2c32 vc_row-has-fill vc_row-has-bg\"><div class=\"ld-container container\"><div class=\"row ld-row ld-row-outer\"><style>.liquid-column-69f47af5b3c18 > .vc_column-inner { box-shadow:0px 40px 80px 0px rgba(83, 94, 132, 0.1)}<\/style><div class=\"wpb_column vc_column_container vc_col-sm-12 vc_col-md-offset-1 vc_col-md-10 liquid-column-69f47af5b3c18 vc_col-has-fill\"><div class=\"vc_column-inner  vc_custom_1614763459171\" style=\"border-radius:6px;\"><div class=\"wpb_wrapper\"  ><div class=\"vc_row vc_inner vc_row-fluid liquid-row-shadowbox-69f47af5b4b16 vc_column-gap-0\"><div class=\"ld-container container-fluid\"><div class=\"row ld-row ld-row-inner vc_row-o-equal-height vc_row-flex\"><div class=\"wpb_column vc_column_container vc_col-sm-12 vc_col-md-8 liquid-column-69f47af5b5fe6 vc_col-has-fill\"><div class=\"vc_column-inner vc_custom_1573631813623\" ><div class=\"wpb_wrapper\" ><style>.ld_fancy_heading_69f47af5b6679 h2 {margin-bottom:1.5em !important;  } .ld_fancy_heading_69f47af5b6679 .lqd-highlight-inner{height:0.275em!important;bottom:0px!important;}.ld_fancy_heading_69f47af5b6679 h2 {margin-bottom:1.5em !important;  } <\/style><div class=\"ld-fancy-heading ld_fancy_heading_69f47af5b6679\">\n\t<h2 class=\"ld-fh-element lqd-highlight-underline lqd-highlight-grow-left text-decoration-default h3\"   >  Bize Ula\u015f\u0131n<\/h2><\/div><style>.ld_cf7_69f47af5bd21b input[type=\"submit\"]{color:rgb(0, 0, 0);border-color:rgb(0, 0, 0);}.ld_cf7_69f47af5bd21b input:focus, .ld_cf7_69f47af5bd21b select:focus, .ld_cf7_69f47af5bd21b textarea:focus, .ld_cf7_69f47af5bd21b .ui-button.ui-selectmenu-button:hover{border-color:rgb(242, 127, 63);}.ld_cf7_69f47af5bd21b input[type=\"submit\"]:focus,.ld_cf7_69f47af5bd21b input[type=\"submit\"]:hover{background:rgb(0, 0, 0);}<\/style><div id=\"ld_cf7_69f47af5bd21b\" class=\"lqd-contact-form lqd-contact-form-inputs-underlined lqd-contact-form-button-bordered lqd-contact-form-button-border-thick lqd-contact-form-button-circle ld_cf7_69f47af5bd21b\">\n\t\n<div class=\"wpcf7 no-js\" id=\"wpcf7-f6309-o1\" lang=\"en-GB\" dir=\"ltr\" data-wpcf7-id=\"6309\">\n<div class=\"screen-reader-response\"><p role=\"status\" aria-live=\"polite\" aria-atomic=\"true\"><\/p> <ul><\/ul><\/div>\n<form action=\"\/en\/wp-json\/wp\/v2\/pages\/6302#wpcf7-f6309-o1\" method=\"post\" class=\"wpcf7-form init\" aria-label=\"Contact form\" novalidate=\"novalidate\" data-status=\"init\">\n<fieldset class=\"hidden-fields-container\"><input type=\"hidden\" name=\"_wpcf7\" value=\"6309\" \/><input type=\"hidden\" name=\"_wpcf7_version\" value=\"6.1.5\" \/><input type=\"hidden\" name=\"_wpcf7_locale\" value=\"en_GB\" \/><input type=\"hidden\" name=\"_wpcf7_unit_tag\" value=\"wpcf7-f6309-o1\" \/><input type=\"hidden\" name=\"_wpcf7_container_post\" value=\"0\" \/><input type=\"hidden\" name=\"_wpcf7_posted_data_hash\" value=\"\" \/>\n<\/fieldset>\n<div class=\"row\">\n\t<div class=\"col-md-6\">\n\t\t<p><span class=\"wpcf7-form-control-wrap\" data-name=\"text-563\"><input size=\"40\" maxlength=\"400\" class=\"wpcf7-form-control wpcf7-text wpcf7-validates-as-required\" aria-required=\"true\" aria-invalid=\"false\" placeholder=\"Ad Soyad\" value=\"\" type=\"text\" name=\"text-563\" \/><\/span>\n\t\t<\/p>\n\t<\/div>\n\t<div class=\"col-md-6\">\n\t\t<p><span class=\"wpcf7-form-control-wrap\" data-name=\"email-955\"><input size=\"40\" maxlength=\"400\" class=\"wpcf7-form-control wpcf7-email wpcf7-validates-as-required wpcf7-text wpcf7-validates-as-email\" aria-required=\"true\" aria-invalid=\"false\" placeholder=\"E-posta\" value=\"\" type=\"email\" name=\"email-955\" \/><\/span>\n\t\t<\/p>\n\t<\/div>\n\t<div class=\"col-md-12\">\n\t\t<p><span class=\"wpcf7-form-control-wrap\" data-name=\"textarea-367\"><textarea cols=\"10\" rows=\"3\" maxlength=\"2000\" class=\"wpcf7-form-control wpcf7-textarea wpcf7-validates-as-required\" aria-required=\"true\" aria-invalid=\"false\" placeholder=\"Mesaj\" name=\"textarea-367\"><\/textarea><\/span>\n\t\t<\/p>\n\t<\/div>\n\t<div class=\"col-md-12\">\n\t\t<p><input class=\"wpcf7-form-control wpcf7-submit has-spinner\" type=\"submit\" value=\"G\u00f6nder\" \/>\n\t\t<\/p>\n\t<\/div>\n<\/div><div class=\"wpcf7-response-output\" aria-hidden=\"true\"><\/div>\n<\/form>\n<\/div>\n<\/div><\/div><\/div><\/div><style>@media (min-width: 992px) { .liquid-column-responsive-69f47af5bfc50 > .vc_column-inner {margin-right:-16px !important;  }  } <\/style><div class=\"wpb_column vc_column_container vc_col-sm-12 vc_col-md-4 liquid-column-69f47af5bfc4a liquid-column-responsive-69f47af5bfc50 vc_col-has-fill\"><div class=\"vc_column-inner vc_custom_1614765431265\" ><div class=\"wpb_wrapper\" ><style>.ld_fancy_heading_69f47af5bfe80 h2 {margin-bottom:1.5em !important;  } .ld_fancy_heading_69f47af5bfe80 .lqd-highlight-inner{height:0.275em!important;bottom:0px!important;}.ld_fancy_heading_69f47af5bfe80 h2 {margin-bottom:1.5em !important;  } <\/style><div class=\"ld-fancy-heading ld_fancy_heading_69f47af5bfe80\">\n\t<h2 class=\"ld-fh-element lqd-highlight-underline lqd-highlight-grow-left text-decoration-default h3\"   >  Adres<\/h2><\/div><style>.ld_fancy_heading_69f47af5c126a p{color:rgb(63, 76, 105);}.ld_fancy_heading_69f47af5c126a p {font-size:14px; } .ld_fancy_heading_69f47af5c126a .lqd-highlight-inner{height:0.275em!important;bottom:0px!important;}.ld_fancy_heading_69f47af5c126a p {font-size:14px; } <\/style><div class=\"ld-fancy-heading ld_fancy_heading_69f47af5c126a\">\n\t<p class=\"ld-fh-element lqd-highlight-underline lqd-highlight-grow-left text-decoration-default\"   >  Esentepe Mah. B\u00fcy\u00fckdere Cad.<br \/>\nLoft Residence No:201<br \/>\nKat:2\/40 \u015ei\u015fli \u0130stanbul<\/p><\/div><style>.ld_spacer_69f47af5c1784{height:40px;}<\/style>\n<div class=\"ld-empty-space ld_spacer_69f47af5c1784\"><\/div><style>.ld_fancy_heading_69f47af5c1d31 p{color:rgb(63, 76, 105);}.ld_fancy_heading_69f47af5c1d31 p {font-size:14px; } .ld_fancy_heading_69f47af5c1d31 .lqd-highlight-inner{height:0.275em!important;bottom:0px!important;}.ld_fancy_heading_69f47af5c1d31 p {font-size:14px; } <\/style><div class=\"ld-fancy-heading ld_fancy_heading_69f47af5c1d31\">\n\t<p class=\"ld-fh-element lqd-highlight-underline lqd-highlight-grow-left text-decoration-default\"   >  E-Mail: <a href=\"mailto:info@feveraniletisim.com\">info@feveraniletisim.com<\/a><\/p><\/div><style>.ld_fancy_heading_69f47af5c2067 p{color:rgb(63, 76, 105);}.ld_fancy_heading_69f47af5c2067 p {font-size:14px; } .ld_fancy_heading_69f47af5c2067 .lqd-highlight-inner{height:0.275em!important;bottom:0px!important;}.ld_fancy_heading_69f47af5c2067 p {font-size:14px; } <\/style><div class=\"ld-fancy-heading ld_fancy_heading_69f47af5c2067\">\n\t<p class=\"ld-fh-element lqd-highlight-underline lqd-highlight-grow-left text-decoration-default\"   >  Telefon: 0 212 325 35 76<\/p><\/div><\/div><\/div><\/div><\/div><\/div><\/div><\/div><\/div><\/div><div class=\"wpb_column vc_column_container vc_col-sm-12 liquid-column-69f47af5c264b\"><div class=\"vc_column-inner  \" ><div class=\"wpb_wrapper\"  ><!-- Modal Body -->\n<div id=\"maps-modal\" class=\"lqd-modal lity-hide\" data-modal-type=\"default\">\n\n\t<div class=\"lqd-modal-inner\">\n\t\t<div class=\"lqd-modal-head\">\n\t\t\t<h2><\/h2>\n\t\t<\/div><!-- \/.lqd-modal-head -->\n\t\t<div class=\"lqd-modal-content\">\n\n\t\t\t<div class=\"vc_row vc_inner vc_row-fluid vc_custom_1573631043580 liquid-row-shadowbox-69f47af5c4a18\"><div class=\"ld-container container-fluid\"><div class=\"row ld-row ld-row-inner\"><div class=\"wpb_column vc_column_container vc_col-sm-12 liquid-column-69f47af5c4d3c\"><div class=\"vc_column-inner \" ><div class=\"wpb_wrapper\" ><style>.ld_fancy_heading_69f47af5c4f18 h2 {margin-bottom:1em !important;  } .ld_fancy_heading_69f47af5c4f18 .lqd-highlight-inner{height:0.275em!important;bottom:0px!important;}.ld_fancy_heading_69f47af5c4f18 h2 {margin-bottom:1em !important;  } <\/style><div class=\"ld-fancy-heading ld_fancy_heading_69f47af5c4f18\">\n\t<h2 class=\"ld-fh-element lqd-highlight-underline lqd-highlight-grow-left text-decoration-default h3\"   >  Bize Ula\u015f\u0131n<\/h2><\/div><div class=\"wpb_gmaps_widget wpb_content_element\"><div class=\"wpb_wrapper\"><div class=\"wpb_map_wraper\"><iframe src=\"https:\/\/www.google.com\/maps\/embed?pb=!1m18!1m12!1m3!1d3007.0214256132867!2d29.021786199999998!3d41.0903785!2m3!1f0!2f0!3f0!3m2!1i1024!2i768!4f13.1!3m3!1m2!1s0x14cab674c6894f2d%3A0x79f4b6f73657d8f3!2zQWthdCwgWcSxbGTEsXLEsW0gT8SfdXogR8O2a2VyIFNrLiBObzo3OCwgMzQzMzUgQmXFn2lrdGHFny_EsHN0YW5idWw!5e0!3m2!1str!2str!4v1699623219199!5m2!1str!2str\" width=\"600\" height=\"450\" style=\"border:0;\" allowfullscreen=\"\" loading=\"lazy\" referrerpolicy=\"no-referrer-when-downgrade\"><\/iframe><\/div><\/div><\/div><\/div><\/div><\/div><\/div><\/div><\/div>\n\t\t<\/div><!-- \/.lqd-modal-content -->\n\t\t<div class=\"lqd-modal-foot\"><\/div><!-- \/.lqd-modal-foot -->\n\n\t<\/div><!-- \/.lqd-modal-inner -->\n<\/div><!-- \/#modal-box.lqd-modal --><\/div><\/div><\/div><\/div><\/div><\/section><style>@media (min-width: 768px) { .liquid-row-responsive-69f47af5c721a {margin-top:75px !important;  }  }    <\/style><section data-row-bg=\"https:\/\/moddworks.top\/feveran\/wp-content\/uploads\/2024\/03\/title-wrapper-min.jpg?id=7276\" style=\"background:linear-gradient(90deg, rgb(52, 122, 255) 0.3184713375796178%, rgb(250, 65, 94) 100%);\" data-bg-image=\"url\" class=\"vc_row vc_custom_1710401836524 liquid-row-responsive-69f47af5c721a liquid-row-shadowbox-69f47af5c7238 vc_row-has-fill vc_row-has-bg lqd-has-bg-markup row-bg-appended\"><span class=\"row-bg-loader\"><\/span><div class=\"row-bg-wrap\">\n\t\t<div class=\"row-bg-inner\">\n\t\t\t<figure class=\"row-bg\" ><\/figure>\n\t\t<\/div>\n\t<\/div><div class=\"one-row_top_divider \" style=\"height:65px;\"><svg width=\"1440\" fill=\"#ffffff\" height=\"150\" xmlns=\"http:\/\/www.w3.org\/2000\/svg\" preserveAspectRatio=\"none\"  viewBox=\"0 0 1440 150\">\n\t\t\t\t\t\t<path d=\"M 0 26.1978 C 275.76 83.8152 430.707 65.0509 716.279 25.6386 C 930.422 -3.86123 1210.32 -3.98357 1439 9.18045 C 2072.34 45.9691 2201.93 62.4429 2560 26.198 V 172.199 L 0 172.199 V 26.1978 Z\">\n\t\t\t\t\t\t\t<animate repeatCount=\"indefinite\" fill=\"freeze\" attributeName=\"d\" dur=\"10s\" values=\"M0 25.9086C277 84.5821 433 65.736 720 25.9086C934.818 -3.9019 1214.06 -5.23669 1442 8.06597C2079 45.2421 2208 63.5007 2560 25.9088V171.91L0 171.91V25.9086Z; M0 86.3149C316 86.315 444 159.155 884 51.1554C1324 -56.8446 1320.29 34.1214 1538 70.4063C1814 116.407 2156 188.408 2560 86.315V232.317L0 232.316V86.3149Z; M0 53.6584C158 11.0001 213 0 363 0C513 0 855.555 115.001 1154 115.001C1440 115.001 1626 -38.0004 2560 53.6585V199.66L0 199.66V53.6584Z; M0 25.9086C277 84.5821 433 65.736 720 25.9086C934.818 -3.9019 1214.06 -5.23669 1442 8.06597C2079 45.2421 2208 63.5007 2560 25.9088V171.91L0 171.91V25.9086Z\">\n\t\t\t\t\t\t\t<\/animate>\n\t\t\t\t\t\t<\/path>\n\t\t\t\t\t<\/svg><\/div><div class=\"ld-container container\"><div class=\"row ld-row ld-row-outer\"><div class=\"wpb_column vc_column_container vc_col-sm-12 vc_col-lg-offset-3 vc_col-lg-6 vc_col-md-offset-2 vc_col-md-8 text-center liquid-column-69f47af5c7584\"><div class=\"vc_column-inner  \" ><div class=\"wpb_wrapper\"  data-custom-animations=\"true\" data-ca-options='{\"triggerHandler\":\"inview\",\"animationTarget\":\"all-childs\",\"duration\":\"1600\",\"delay\":\"200\",\"ease\":\"power4.out\",\"direction\":\"forward\",\"initValues\":{\"y\":65,\"transformOriginX\":50,\"transformOriginY\":50,\"transformOriginZ\":\"0px\",\"opacity\":0},\"animations\":{\"y\":0,\"transformOriginX\":50,\"transformOriginY\":50,\"transformOriginZ\":\"0px\",\"opacity\":1}}'><style>.ld_fancy_heading_69f47af5c7767 h2{color:rgb(255, 255, 255);}.ld_fancy_heading_69f47af5c7767 h2 {font-size:32px; } @media (min-width: 992px) { .ld_fancy_heading_69f47af5c7767 h2 {font-size:45px; }  } .ld_fancy_heading_69f47af5c7767 h2 {line-height:1.26em; } .ld_fancy_heading_69f47af5c7767 h2 {--element-line-height:1.26em; } .ld_fancy_heading_69f47af5c7767 h2 {margin-bottom:0.75em !important;  } .ld_fancy_heading_69f47af5c7767 .lqd-highlight-inner{height:0.275em!important;bottom:0px!important;}.ld_fancy_heading_69f47af5c7767 h2 {font-size:32px; } @media (min-width: 992px) { .ld_fancy_heading_69f47af5c7767 h2 {font-size:45px; }  } .ld_fancy_heading_69f47af5c7767 h2 {line-height:1.26em; } .ld_fancy_heading_69f47af5c7767 h2 {--element-line-height:1.26em; } .ld_fancy_heading_69f47af5c7767 h2 {margin-bottom:0.75em !important;  } <\/style><div class=\"ld-fancy-heading mask-text ld_fancy_heading_69f47af5c7767\">\n\t<h2 class=\"ld-fh-element lqd-highlight-underline lqd-highlight-grow-left text-decoration-default lqd-split-words\"   data-split-text=\"true\" data-split-options='{\"type\":\"words\"}'>  Bu kalabal\u0131kta markanla bir ba\u015f\u0131na de\u011filsin.<\/p>\n<div>Me\u015faleyi yakt\u0131k&#8230;<\/div>\n<div>#PRFEVER ate\u015fini takip et!<\/div>\n<p><\/h2><\/div><style>.ld_button_69f47af5c97a5.btn-icon-solid .btn-icon{background:rgb(255, 255, 255);}.ld_button_69f47af5c97a5.btn-icon-circle.btn-icon-ripple .btn-icon:before{border-color:rgb(255, 255, 255);}.ld_button_69f47af5c97a5.btn-icon-solid:hover .btn-icon{background:rgb(32, 35, 41);}.ld_button_69f47af5c97a5{background-color:rgb(255, 255, 255);border-color:rgb(255, 255, 255);color:rgb(0, 0, 0);}.ld_button_69f47af5c97a5:hover{background-color:rgb(32, 35, 41);border-color:rgb(32, 35, 41);color:rgb(255, 255, 255);}.ld_button_69f47af5c97a5 .btn-gradient-bg-hover{background:-webkit-linear-gradient(to right, rgb(32, 35, 41) 0%, rgb(32, 35, 41) 100%);background:linear-gradient(to right, rgb(32, 35, 41) 0%, rgb(32, 35, 41) 100%);}.ld_button_69f47af5c97a5 .btn-gradient-border defs stop:first-child{stop-color:rgb(255, 255, 255);}.ld_button_69f47af5c97a5 .btn-gradient-border defs stop:last-child{stop-color:rgb(255, 255, 255);}.ld_button_69f47af5c97a5:hover .btn-gradient-border defs stop:first-child{stop-color:rgb(32, 35, 41);}.ld_button_69f47af5c97a5:hover .btn-gradient-border defs stop:last-child{stop-color:rgb(32, 35, 41);}.ld_button_69f47af5c97a5 {font-size:16px; } .ld_button_69f47af5c97a5 {line-height:1.3em; } .ld_button_69f47af5c97a5 {--element-line-height:1.3em; } .ld_button_69f47af5c97a5 {font-size:16px; } .ld_button_69f47af5c97a5 {line-height:1.3em; } .ld_button_69f47af5c97a5 {--element-line-height:1.3em; } .ld_button_69f47af5c97a5 {font-size:16px; } .ld_button_69f47af5c97a5 {line-height:1.3em; } .ld_button_69f47af5c97a5 {--element-line-height:1.3em; } <\/style><a href=\"https:\/\/moddworks.top\/feveran\/iletisim\/\" class=\"btn btn-solid btn-lg circle border-thin btn-has-label ld_button_69f47af5c97a5 vc_custom_1710401937393\" target=\"_blank\" rel=\"noopener\">\n\t<span>\n\t\t\n\t\t\t\t\t<span class=\"btn-txt\" data-text=\"Hadi Ba\u015flayal\u0131m!\" >Hadi Ba\u015flayal\u0131m!<\/span>\n\t\t\t\n\t<span class=\"btn-icon\"><i class=\"lqd-icn-ess icon-lqd-pen\"><\/i><\/span>\t\t\t\t<\/span>\n<\/a>\n<\/div><\/div><\/div><\/div><\/div><\/section>\n","protected":false},"excerpt":{"rendered":"Bize Ula\u015f\u0131n Adres Esentepe Mah. B\u00fcy\u00fckdere Cad. Loft Residence No:201 Kat:2\/40 \u015ei\u015fli \u0130stanbul E-Mail: info@feveraniletisim.com Telefon: 0 212 325 35 76 Bize Ula\u015f\u0131n Bu kalabal\u0131kta markanla bir ba\u015f\u0131na de\u011filsin. Me\u015faleyi yakt\u0131k... #PRFEVER ate\u015fini takip et! Hadi Ba\u015flayal\u0131m!","protected":false},"author":1,"featured_media":0,"parent":0,"menu_order":0,"comment_status":"closed","ping_status":"closed","template":"","meta":{"footnotes":""},"class_list":["post-6302","page","type-page","status-publish","hentry"],"_links":{"self":[{"href":"https:\/\/feveran.com.tr\/en\/wp-json\/wp\/v2\/pages\/6302","targetHints":{"allow":["GET"]}}],"collection":[{"href":"https:\/\/feveran.com.tr\/en\/wp-json\/wp\/v2\/pages"}],"about":[{"href":"https:\/\/feveran.com.tr\/en\/wp-json\/wp\/v2\/types\/page"}],"author":[{"embeddable":true,"href":"https:\/\/feveran.com.tr\/en\/wp-json\/wp\/v2\/users\/1"}],"replies":[{"embeddable":true,"href":"https:\/\/feveran.com.tr\/en\/wp-json\/wp\/v2\/comments?post=6302"}],"version-history":[{"count":6,"href":"https:\/\/feveran.com.tr\/en\/wp-json\/wp\/v2\/pages\/6302\/revisions"}],"predecessor-version":[{"id":7294,"href":"https:\/\/feveran.com.tr\/en\/wp-json\/wp\/v2\/pages\/6302\/revisions\/7294"}],"wp:attachment":[{"href":"https:\/\/feveran.com.tr\/en\/wp-json\/wp\/v2\/media?parent=6302"}],"curies":[{"name":"wp","href":"https:\/\/api.w.org\/{rel}","templated":true}]}}